{"id":5115,"date":"2022-05-20T21:20:45","date_gmt":"2022-05-20T18:20:45","guid":{"rendered":"https:\/\/phlorys.tn\/ar\/?post_type=product&#038;p=5115"},"modified":"2025-09-03T18:20:52","modified_gmt":"2025-09-03T15:20:52","slug":"creme-anti-taches","status":"publish","type":"product","link":"https:\/\/phlorys.tn\/ar\/product\/creme-anti-taches\/","title":{"rendered":"Cr\u00e8me  Anti-Taches"},"content":{"rendered":"<p>Cr\u00e8me  Anti-Taches ralentit la production de m\u00e9lanine pour unifier visiblement le teint et \u00e9claircir l&#8217;exc\u00e8s de pigmentation. Avec une formule puissante destin\u00e9e \u00e0 \u00e9claircir et \u00e0 minimiser l&#8217;\u00e2ge et les taches brunes, l&#8217; Arbutine et la Glabridine  ralentissent la production de m\u00e9lanine induite par les UV tandis que la vitamine E bloque les dommages environnementaux avec une protection antioxydante<\/p>\n","protected":false},"excerpt":{"rendered":"<p>ralentit la production de m\u00e9lanine, unifier visiblement le teint et \u00e9claircit l&#8217;exc\u00e8s de pigmentation.<\/p>\n","protected":false},"featured_media":0,"template":"","meta":{"site-sidebar-layout":"default","site-content-layout":"default","ast-site-content-layout":"default","site-content-style":"default","site-sidebar-style":"default","ast-global-header-display":"","ast-banner-title-visibility":"","ast-main-header-display":"","ast-hfb-above-header-display":"","ast-hfb-below-header-display":"","ast-hfb-mobile-header-display":"","site-post-title":"","ast-breadcrumbs-content":"","ast-featured-img":"","footer-sml-layout":"","ast-disable-related-posts":"","theme-transparent-header-meta":"default","adv-header-id-meta":"","stick-header-meta":"","header-above-stick-meta":"","header-main-stick-meta":"","header-below-stick-meta":"","astra-migrate-meta-layouts":"default","ast-page-background-enabled":"default","ast-page-background-meta":{"desktop":{"background-color":"","background-image":"","background-repeat":"repeat","background-position":"center center","background-size":"auto","background-attachment":"scroll","background-type":"","background-media":"","overlay-type":"","overlay-color":"","overlay-opacity":"","overlay-gradient":""},"tablet":{"background-color":"","background-image":"","background-repeat":"repeat","background-position":"center center","background-size":"auto","background-attachment":"scroll","background-type":"","background-media":"","overlay-type":"","overlay-color":"","overlay-opacity":"","overlay-gradient":""},"mobile":{"background-color":"","background-image":"","background-repeat":"repeat","background-position":"center center","background-size":"auto","background-attachment":"scroll","background-type":"","background-media":"","overlay-type":"","overlay-color":"","overlay-opacity":"","overlay-gradient":""}},"ast-content-background-meta":{"desktop":{"background-color":"var(--ast-global-color-5)","background-image":"","background-repeat":"repeat","background-position":"center center","background-size":"auto","background-attachment":"scroll","background-type":"","background-media":"","overlay-type":"","overlay-color":"","overlay-opacity":"","overlay-gradient":""},"tablet":{"background-color":"var(--ast-global-color-5)","background-image":"","background-repeat":"repeat","background-position":"center center","background-size":"auto","background-attachment":"scroll","background-type":"","background-media":"","overlay-type":"","overlay-color":"","overlay-opacity":"","overlay-gradient":""},"mobile":{"background-color":"var(--ast-global-color-5)","background-image":"","background-repeat":"repeat","background-position":"center center","background-size":"auto","background-attachment":"scroll","background-type":"","background-media":"","overlay-type":"","overlay-color":"","overlay-opacity":"","overlay-gradient":""}}},"product_brand":[],"product_cat":[67,71],"product_tag":[],"class_list":{"0":"post-5115","1":"product","2":"type-product","3":"status-publish","5":"product_cat-beaute-et-soins","6":"product_cat-cremes-de-beaute","7":"desktop-align-center","8":"tablet-align-center","9":"mobile-align-center","11":"first","12":"instock","13":"taxable","14":"shipping-taxable","15":"purchasable","16":"product-type-simple"},"_links":{"self":[{"href":"https:\/\/phlorys.tn\/ar\/wp-json\/wp\/v2\/product\/5115","targetHints":{"allow":["GET"]}}],"collection":[{"href":"https:\/\/phlorys.tn\/ar\/wp-json\/wp\/v2\/product"}],"about":[{"href":"https:\/\/phlorys.tn\/ar\/wp-json\/wp\/v2\/types\/product"}],"wp:attachment":[{"href":"https:\/\/phlorys.tn\/ar\/wp-json\/wp\/v2\/media?parent=5115"}],"wp:term":[{"taxonomy":"product_brand","embeddable":true,"href":"https:\/\/phlorys.tn\/ar\/wp-json\/wp\/v2\/product_brand?post=5115"},{"taxonomy":"product_cat","embeddable":true,"href":"https:\/\/phlorys.tn\/ar\/wp-json\/wp\/v2\/product_cat?post=5115"},{"taxonomy":"product_tag","embeddable":true,"href":"https:\/\/phlorys.tn\/ar\/wp-json\/wp\/v2\/product_tag?post=5115"}],"curies":[{"name":"wp","href":"https:\/\/api.w.org\/{rel}","templated":true}]}}